{"id":887,"date":"2020-06-26T00:20:04","date_gmt":"2020-06-25T22:20:04","guid":{"rendered":"https:\/\/polyprofil.de\/specialprofiler\/"},"modified":"2020-06-26T00:53:04","modified_gmt":"2020-06-25T22:53:04","slug":"specialprofiler","status":"publish","type":"page","link":"https:\/\/polyprofil.de\/da\/specialprofiler\/","title":{"rendered":"specialprofiler"},"content":{"rendered":"<p>[et_pb_section fb_built=&#8221;1&#8243; _builder_version=&#8221;3.22&#8243; background_image=&#8221;https:\/\/www.lms-berlin.de\/wp_polyprofil\/wp-content\/uploads\/2018\/08\/Polyprofil_Sonderprofile_Header.jpg&#8221; background_position=&#8221;bottom_center&#8221; custom_css_main_element=&#8221;height: 400px;&#8221;][et_pb_row use_custom_gutter=&#8221;on&#8221; gutter_width=&#8221;2&#8243; module_class=&#8221; et_pb_row_fullwidth&#8221; _builder_version=&#8221;3.25&#8243; width=&#8221;94%&#8221; width_tablet=&#8221;80%&#8221; width_last_edited=&#8221;on|desktop&#8221; max_width=&#8221;94%&#8221; max_width_tablet=&#8221;80%&#8221; max_width_last_edited=&#8221;on|desktop&#8221; make_fullwidth=&#8221;on&#8221; column_structure=&#8221;1_2,1_2&#8243;][et_pb_column type=&#8221;1_2&#8243; _builder_version=&#8221;3.25&#8243; custom_padding=&#8221;|||&#8221; custom_padding__hover=&#8221;|||&#8221;][\/et_pb_column][et_pb_column type=&#8221;1_2&#8243; _builder_version=&#8221;3.25&#8243; custom_padding=&#8221;|||&#8221; custom_padding__hover=&#8221;|||&#8221;][et_pb_divider show_divider=&#8221;off&#8221; _builder_version=&#8221;3.14&#8243; height=&#8221;75px&#8221;][\/et_pb_divider][et_pb_text _builder_version=&#8221;3.27.4&#8243; text_font=&#8221;|700|||||||&#8221; text_font_size=&#8221;40px&#8221; background_layout=&#8221;dark&#8221;]Polyprofil specialprofiler<br \/>\n[\/et_pb_text][et_pb_text _builder_version=&#8221;3.27.4&#8243; text_font_size=&#8221;22px&#8221; text_line_height=&#8221;1.2em&#8221; background_layout=&#8221;dark&#8221;]Pr\u00e6fabrikerede profiler, hvis tv\u00e6rsnit designes efter kundens eller bygherrens \u00f8nsker og krav<br \/>\n[\/et_pb_text][\/et_pb_column][\/et_pb_row][\/et_pb_section][et_pb_section fb_built=&#8221;1&#8243; _builder_version=&#8221;3.22&#8243;][et_pb_row _builder_version=&#8221;3.25&#8243; background_size=&#8221;initial&#8221; background_position=&#8221;top_left&#8221; background_repeat=&#8221;repeat&#8221; column_structure=&#8221;1_2,1_4,1_4&#8243;][et_pb_column type=&#8221;1_2&#8243; _builder_version=&#8221;3.25&#8243; custom_padding=&#8221;|||&#8221; custom_padding__hover=&#8221;|||&#8221;][et_pb_text _builder_version=&#8221;3.27.4&#8243; text_font=&#8221;Open Sans Condensed|700|||||||&#8221; text_font_size=&#8221;21px&#8221;]Beskrivelse<br \/>\n[\/et_pb_text][et_pb_divider color=&#8221;#009fe3&#8243; divider_weight=&#8221;3&#8243; _builder_version=&#8221;3.0.95&#8243; max_width=&#8221;15%&#8221; module_alignment=&#8221;left&#8221;][\/et_pb_divider][et_pb_text _builder_version=&#8221;3.27.4&#8243; text_line_height=&#8221;1.4em&#8221; text_line_height_tablet=&#8221;&#8221; text_line_height_phone=&#8221;&#8221; text_line_height_last_edited=&#8221;on|&#8221;]Polyprofil Specialprofiler laves af en polymerbeton, hvis sammens\u00e6tning tilpasses de givne krav. De valgte m\u00f8rtelblandinger kan fx v\u00e6re lette og \/ eller med \u00e5bne porer, pigmenterede, fremstillet af knuste natursten eller farvet kvartssand. Profilerne fremstilles i forme uden brug af slipmidler.<\/p>\n<p>Polyprofil specialprofiler er lette at arbejde med og kendetegnes af h\u00f8j tryk- og tr\u00e6kstyrke samt ekstremt lav vandabsorption (afh\u00e6ngigt af m\u00f8rtelblandingen). Polyprofil specialprofiler kan overtr\u00e6kkes eller males med epoxy-, polyurethan- eller acrylatharpikser.<br \/>\n[\/et_pb_text][\/et_pb_column][et_pb_column type=&#8221;1_4&#8243; _builder_version=&#8221;3.25&#8243; custom_padding=&#8221;|||&#8221; custom_padding__hover=&#8221;|||&#8221;][\/et_pb_column][et_pb_column type=&#8221;1_4&#8243; _builder_version=&#8221;3.25&#8243; custom_padding=&#8221;|||&#8221; custom_padding__hover=&#8221;|||&#8221;][\/et_pb_column][\/et_pb_row][\/et_pb_section][et_pb_section fb_built=&#8221;1&#8243; _builder_version=&#8221;3.22&#8243; background_color=&#8221;#dbdbdb&#8221;][et_pb_row _builder_version=&#8221;3.25&#8243; background_size=&#8221;initial&#8221; background_position=&#8221;top_left&#8221; background_repeat=&#8221;repeat&#8221; column_structure=&#8221;1_2,1_2&#8243;][et_pb_column type=&#8221;1_2&#8243; _builder_version=&#8221;3.25&#8243; custom_padding=&#8221;|||&#8221; custom_padding__hover=&#8221;|||&#8221;][et_pb_text _builder_version=&#8221;3.27.4&#8243; text_font=&#8221;Open Sans Condensed|700|||||||&#8221; text_font_size=&#8221;21px&#8221;]M\u00e5l<br \/>\n[\/et_pb_text][et_pb_divider color=&#8221;#009fe3&#8243; divider_weight=&#8221;3&#8243; _builder_version=&#8221;3.0.95&#8243; max_width=&#8221;15%&#8221; module_alignment=&#8221;left&#8221;][\/et_pb_divider][et_pb_text _builder_version=&#8221;3.27.4&#8243; text_font=&#8221;Open Sans Condensed|300|||||||&#8221; module_alignment=&#8221;left&#8221;]Profilernes m\u00e5l og l\u00e6ngde f\u00e5s efter kundens \u00f8nske.<br \/>\n[\/et_pb_text][\/et_pb_column][et_pb_column type=&#8221;1_2&#8243; _builder_version=&#8221;3.25&#8243; custom_padding=&#8221;|||&#8221; custom_padding__hover=&#8221;|||&#8221;][\/et_pb_column][\/et_pb_row][\/et_pb_section][et_pb_section fb_built=&#8221;1&#8243; _builder_version=&#8221;3.22&#8243;][et_pb_row _builder_version=&#8221;3.25&#8243; background_size=&#8221;initial&#8221; background_position=&#8221;top_left&#8221; background_repeat=&#8221;repeat&#8221; column_structure=&#8221;1_2,1_2&#8243;][et_pb_column type=&#8221;1_2&#8243; _builder_version=&#8221;3.25&#8243; custom_padding=&#8221;|||&#8221; custom_padding__hover=&#8221;|||&#8221;][et_pb_text _builder_version=&#8221;3.27.4&#8243; text_font=&#8221;Open Sans Condensed|700|||||||&#8221; text_font_size=&#8221;21px&#8221;]Forarbejdning<br \/>\n[\/et_pb_text][et_pb_divider color=&#8221;#009fe3&#8243; divider_weight=&#8221;3&#8243; _builder_version=&#8221;3.0.95&#8243; max_width=&#8221;15%&#8221; module_alignment=&#8221;left&#8221;][\/et_pb_divider][et_pb_text _builder_version=&#8221;3.27.4&#8243; text_font=&#8221;Open Sans Condensed|300|||||||&#8221; module_alignment=&#8221;left&#8221;]Polyprofil Specialprofiler kan, afh\u00e6ngig af m\u00f8rtelblandingen, sk\u00e6res med en fintandet sav eller med en vinkelsliber (helst med diamantskive). Polyprofil Specialprofiler limes med et epoxy-harpikslim eller 1-komponent polyurethan-harpikslim.<\/p>\n<p>Overfladen skal v\u00e6re t\u00f8r, stabil, gribende, fri for smuds, st\u00f8v, l\u00f8se dele, olie og fedt.<br \/>\n[\/et_pb_text][\/et_pb_column][et_pb_column type=&#8221;1_2&#8243; _builder_version=&#8221;3.25&#8243; custom_padding=&#8221;|||&#8221; custom_padding__hover=&#8221;|||&#8221;][\/et_pb_column][\/et_pb_row][\/et_pb_section][et_pb_section fb_built=&#8221;1&#8243; _builder_version=&#8221;3.22&#8243;][et_pb_row _builder_version=&#8221;3.25&#8243; background_size=&#8221;initial&#8221; background_position=&#8221;top_left&#8221; background_repeat=&#8221;repeat&#8221; column_structure=&#8221;1_3,2_3&#8243;][et_pb_column type=&#8221;1_3&#8243; _builder_version=&#8221;3.25&#8243; custom_padding=&#8221;|||&#8221; custom_padding__hover=&#8221;|||&#8221;][et_pb_text _builder_version=&#8221;3.27.4&#8243; header_3_font=&#8221;|700|||||||&#8221; header_3_text_color=&#8221;#009fe3&#8243; header_3_font_size=&#8221;18px&#8221;]<\/p>\n<h3>Installationsskitse<\/h3>\n<p>Polyprofil specialprofiler<br \/>\n[\/et_pb_text][\/et_pb_column][et_pb_column type=&#8221;2_3&#8243; _builder_version=&#8221;3.25&#8243; custom_padding=&#8221;|||&#8221; custom_padding__hover=&#8221;|||&#8221;][et_pb_image src=&#8221;https:\/\/www.lms-berlin.de\/wp_polyprofil\/wp-content\/uploads\/2018\/08\/sonderprofile.jpg&#8221; align_tablet=&#8221;center&#8221; align_last_edited=&#8221;on|desktop&#8221; _builder_version=&#8221;3.23&#8243; always_center_on_mobile=&#8221;on&#8221;][\/et_pb_image][\/et_pb_column][\/et_pb_row][\/et_pb_section][et_pb_section fb_built=&#8221;1&#8243; _builder_version=&#8221;3.22&#8243; background_color=&#8221;#545454&#8243;][et_pb_row module_class=&#8221; et_pb_row_fullwidth&#8221; _builder_version=&#8221;3.25&#8243; width=&#8221;89%&#8221; width_tablet=&#8221;80%&#8221; width_last_edited=&#8221;on|desktop&#8221; max_width=&#8221;89%&#8221; max_width_tablet=&#8221;80%&#8221; max_width_last_edited=&#8221;on|desktop&#8221; make_fullwidth=&#8221;on&#8221;][et_pb_column type=&#8221;4_4&#8243; _builder_version=&#8221;3.25&#8243; custom_padding=&#8221;|||&#8221; custom_padding__hover=&#8221;|||&#8221;][et_pb_cta title=&#8221;Har du sp\u00f8rgsm\u00e5l til Polyprofil Specialprofiler?&#8221; button_url=&#8221;@ET-DC@eyJkeW5hbWljIjp0cnVlLCJjb250ZW50IjoicG9zdF9saW5rX3VybF9wYWdlIiwic2V0dGluZ3MiOnsicG9zdF9pZCI6IjI0NSJ9fQ==@&#8221; button_text=&#8221;KONTAKT OS&#8221; _builder_version=&#8221;4.4.8&#8243; body_font_size=&#8221;19&#8243; use_background_color=&#8221;off&#8221; custom_button=&#8221;on&#8221; button_text_size=&#8221;18&#8243; button_text_color=&#8221;#ffffff&#8221; button_border_color=&#8221;#ffffff&#8221; button_font=&#8221;|||on|||||&#8221; button_icon=&#8221;%%20%%&#8221; button_icon_color=&#8221;#ffffff&#8221; button_icon_placement=&#8221;left&#8221; button_alignment=&#8221;center&#8221; hover_enabled=&#8221;0&#8243; button_text_color_hover=&#8221;#ffffff&#8221; button_border_color_hover=&#8221;#ffffff&#8221; button_border_radius_hover=&#8221;0&#8243; button_text_size__hover_enabled=&#8221;off&#8221; button_one_text_size__hover_enabled=&#8221;off&#8221; button_two_text_size__hover_enabled=&#8221;off&#8221; button_text_color__hover_enabled=&#8221;on&#8221; button_text_color__hover=&#8221;#ffffff&#8221; button_one_text_color__hover_enabled=&#8221;off&#8221; button_two_text_color__hover_enabled=&#8221;off&#8221; button_border_width__hover_enabled=&#8221;off&#8221; button_one_border_width__hover_enabled=&#8221;off&#8221; button_two_border_width__hover_enabled=&#8221;off&#8221; button_border_color__hover_enabled=&#8221;on&#8221; button_border_color__hover=&#8221;#ffffff&#8221; button_one_border_color__hover_enabled=&#8221;off&#8221; button_two_border_color__hover_enabled=&#8221;off&#8221; button_border_radius__hover_enabled=&#8221;on&#8221; button_border_radius__hover=&#8221;0&#8243; button_one_border_radius__hover_enabled=&#8221;off&#8221; button_two_border_radius__hover_enabled=&#8221;off&#8221; button_letter_spacing__hover_enabled=&#8221;off&#8221; button_one_letter_spacing__hover_enabled=&#8221;off&#8221; button_two_letter_spacing__hover_enabled=&#8221;off&#8221; button_bg_color__hover_enabled=&#8221;off&#8221; button_one_bg_color__hover_enabled=&#8221;off&#8221; button_two_bg_color__hover_enabled=&#8221;off&#8221; _dynamic_attributes=&#8221;button_url&#8221;]Kontakt os, vi svarer gerne p\u00e5 dine sp\u00f8rgsm\u00e5l.<br \/>\n[\/et_pb_cta][\/et_pb_column][\/et_pb_row][\/et_pb_section][et_pb_section fb_built=&#8221;1&#8243; _builder_version=&#8221;3.22&#8243; background_color=&#8221;#3a373a&#8221; locked=&#8221;off&#8221;][et_pb_row column_structure=&#8221;1_4,1_4,1_4,1_4&#8243; _builder_version=&#8221;3.25&#8243; background_size=&#8221;initial&#8221; background_position=&#8221;top_left&#8221; background_repeat=&#8221;repeat&#8221;][et_pb_column type=&#8221;1_4&#8243; _builder_version=&#8221;3.25&#8243; custom_padding=&#8221;|||&#8221; custom_padding__hover=&#8221;|||&#8221;][et_pb_image src=&#8221;https:\/\/www.lms-berlin.de\/wp_polyprofil\/wp-content\/uploads\/2018\/01\/Logo_Polyprofil.png&#8221; align_tablet=&#8221;center&#8221; align_phone=&#8221;&#8221; align_last_edited=&#8221;on|desktop&#8221; _builder_version=&#8221;3.23&#8243; max_width=&#8221;80%&#8221; module_alignment=&#8221;left&#8221;][\/et_pb_image][\/et_pb_column][et_pb_column type=&#8221;1_4&#8243; _builder_version=&#8221;3.25&#8243; custom_padding=&#8221;|||&#8221; custom_padding__hover=&#8221;|||&#8221;][et_pb_text _builder_version=&#8221;4.4.8&#8243; text_font_size=&#8221;18px&#8221; text_line_height=&#8221;1.4em&#8221; link_text_color=&#8221;#ffffff&#8221; link_font_size=&#8221;18px&#8221; header_3_font_size=&#8221;20px&#8221; background_layout=&#8221;dark&#8221; hover_enabled=&#8221;0&#8243; text_line_height_tablet=&#8221;&#8221; text_line_height_phone=&#8221;&#8221; text_line_height_last_edited=&#8221;on|&#8221;]Hulkelister<br \/>\nDryplister<br \/>\nTrappekanter<br \/>\nSpecialprofiler[\/et_pb_text][\/et_pb_column][et_pb_column type=&#8221;1_4&#8243; _builder_version=&#8221;3.25&#8243; custom_padding=&#8221;|||&#8221; custom_padding__hover=&#8221;|||&#8221;][et_pb_text _builder_version=&#8221;4.4.8&#8243; text_font_size=&#8221;18px&#8221; text_line_height=&#8221;1.4em&#8221; link_text_color=&#8221;#ffffff&#8221; link_font_size=&#8221;18px&#8221; header_3_font_size=&#8221;20px&#8221; background_layout=&#8221;dark&#8221; text_line_height_tablet=&#8221;&#8221; text_line_height_phone=&#8221;&#8221; text_line_height_last_edited=&#8221;on|&#8221;]Om os<br \/>\nKontakt<br \/>\nImpressum<br \/>\nDatabeskyttelse[\/et_pb_text][\/et_pb_column][et_pb_column type=&#8221;1_4&#8243; _builder_version=&#8221;3.25&#8243; custom_padding=&#8221;|||&#8221; custom_padding__hover=&#8221;|||&#8221;][et_pb_text _builder_version=&#8221;4.4.8&#8243; text_font_size=&#8221;18px&#8221; text_line_height=&#8221;1.4em&#8221; header_3_font_size=&#8221;20px&#8221; header_5_font_size=&#8221;18px&#8221; header_5_line_height=&#8221;1.4em&#8221; background_layout=&#8221;dark&#8221; text_line_height_tablet=&#8221;&#8221; text_line_height_phone=&#8221;&#8221; text_line_height_last_edited=&#8221;on|&#8221;]<\/p>\n<div class=\"et_pb_module et_pb_text et_pb_text_3 et_pb_bg_layout_light et_pb_text_align_left\">\n<div class=\"et_pb_text_inner\">\n<p>Wackenbergstr. 65-75<br \/>\n13156 Berlin<br \/>\nTel.: +49 (0)30 &#8211; 477 503 50<br \/>\nFax: +49 (0)30 &#8211; 477 114 1<\/p>\n<\/div>\n<\/div>\n<p>[\/et_pb_text][\/et_pb_column][\/et_pb_row][\/et_pb_section]<\/p>\n","protected":false},"excerpt":{"rendered":"<p>[et_pb_section fb_built=&#8221;1&#8243; _builder_version=&#8221;3.22&#8243; background_image=&#8221;https:\/\/www.lms-berlin.de\/wp_polyprofil\/wp-content\/uploads\/2018\/08\/Polyprofil_Sonderprofile_Header.jpg&#8221; background_position=&#8221;bottom_center&#8221; custom_css_main_element=&#8221;height: 400px;&#8221;][et_pb_row use_custom_gutter=&#8221;on&#8221; gutter_width=&#8221;2&#8243; module_class=&#8221; et_pb_row_fullwidth&#8221; _builder_version=&#8221;3.25&#8243; width=&#8221;94%&#8221; width_tablet=&#8221;80%&#8221; width_last_edited=&#8221;on|desktop&#8221; max_width=&#8221;94%&#8221; max_width_tablet=&#8221;80%&#8221; max_width_last_edited=&#8221;on|desktop&#8221; make_fullwidth=&#8221;on&#8221; column_structure=&#8221;1_2,1_2&#8243;][et_pb_column type=&#8221;1_2&#8243; _builder_version=&#8221;3.25&#8243; custom_padding=&#8221;|||&#8221; custom_padding__hover=&#8221;|||&#8221;][\/et_pb_column][et_pb_column type=&#8221;1_2&#8243; _builder_version=&#8221;3.25&#8243; custom_padding=&#8221;|||&#8221; custom_padding__hover=&#8221;|||&#8221;][et_pb_divider show_divider=&#8221;off&#8221; _builder_version=&#8221;3.14&#8243; height=&#8221;75px&#8221;][\/et_pb_divider][et_pb_text _builder_version=&#8221;3.27.4&#8243; text_font=&#8221;|700|||||||&#8221; text_font_size=&#8221;40px&#8221; background_layout=&#8221;dark&#8221;]Polyprofil specialprofiler [\/et_pb_text][et_pb_text _builder_version=&#8221;3.27.4&#8243; text_font_size=&#8221;22px&#8221; text_line_height=&#8221;1.2em&#8221; background_layout=&#8221;dark&#8221;]Pr\u00e6fabrikerede profiler, hvis tv\u00e6rsnit designes efter kundens eller bygherrens \u00f8nsker og krav [\/et_pb_text][\/et_pb_column][\/et_pb_row][\/et_pb_section][et_pb_section fb_built=&#8221;1&#8243; _builder_version=&#8221;3.22&#8243;][et_pb_row [&hellip;]<\/p>\n","protected":false},"author":1,"featured_media":0,"parent":0,"menu_order":0,"comment_status":"closed","ping_status":"closed","template":"","meta":{"_et_pb_use_builder":"on","_et_pb_old_content":"","_et_gb_content_width":"","footnotes":""},"yoast_head":"<!-- This site is optimized with the Yoast SEO plugin v22.2 - https:\/\/yoast.com\/wordpress\/plugins\/seo\/ -->\n<title>specialprofiler - Polyprofil \u2013 Profile aus Polymerbeton<\/title>\n<meta name=\"robots\" content=\"index, follow, max-snippet:-1, max-image-preview:large, max-video-preview:-1\" \/>\n<link rel=\"canonical\" href=\"https:\/\/polyprofil.de\/da\/specialprofiler\/\" \/>\n<meta property=\"og:locale\" content=\"da_DK\" \/>\n<meta property=\"og:type\" content=\"article\" \/>\n<meta property=\"og:title\" content=\"specialprofiler - Polyprofil \u2013 Profile aus Polymerbeton\" \/>\n<meta property=\"og:description\" content=\"[et_pb_section fb_built=&#8221;1&#8243; _builder_version=&#8221;3.22&#8243; background_image=&#8221;https:\/\/www.lms-berlin.de\/wp_polyprofil\/wp-content\/uploads\/2018\/08\/Polyprofil_Sonderprofile_Header.jpg&#8221; background_position=&#8221;bottom_center&#8221; custom_css_main_element=&#8221;height: 400px;&#8221;][et_pb_row use_custom_gutter=&#8221;on&#8221; gutter_width=&#8221;2&#8243; module_class=&#8221; et_pb_row_fullwidth&#8221; _builder_version=&#8221;3.25&#8243; width=&#8221;94%&#8221; width_tablet=&#8221;80%&#8221; width_last_edited=&#8221;on|desktop&#8221; max_width=&#8221;94%&#8221; max_width_tablet=&#8221;80%&#8221; max_width_last_edited=&#8221;on|desktop&#8221; make_fullwidth=&#8221;on&#8221; column_structure=&#8221;1_2,1_2&#8243;][et_pb_column type=&#8221;1_2&#8243; _builder_version=&#8221;3.25&#8243; custom_padding=&#8221;|||&#8221; custom_padding__hover=&#8221;|||&#8221;][\/et_pb_column][et_pb_column type=&#8221;1_2&#8243; _builder_version=&#8221;3.25&#8243; custom_padding=&#8221;|||&#8221; custom_padding__hover=&#8221;|||&#8221;][et_pb_divider show_divider=&#8221;off&#8221; _builder_version=&#8221;3.14&#8243; height=&#8221;75px&#8221;][\/et_pb_divider][et_pb_text _builder_version=&#8221;3.27.4&#8243; text_font=&#8221;|700|||||||&#8221; text_font_size=&#8221;40px&#8221; background_layout=&#8221;dark&#8221;]Polyprofil specialprofiler [\/et_pb_text][et_pb_text _builder_version=&#8221;3.27.4&#8243; text_font_size=&#8221;22px&#8221; text_line_height=&#8221;1.2em&#8221; background_layout=&#8221;dark&#8221;]Pr\u00e6fabrikerede profiler, hvis tv\u00e6rsnit designes efter kundens eller bygherrens \u00f8nsker og krav [\/et_pb_text][\/et_pb_column][\/et_pb_row][\/et_pb_section][et_pb_section fb_built=&#8221;1&#8243; _builder_version=&#8221;3.22&#8243;][et_pb_row [&hellip;]\" \/>\n<meta property=\"og:url\" content=\"https:\/\/polyprofil.de\/da\/specialprofiler\/\" \/>\n<meta property=\"og:site_name\" content=\"Polyprofil \u2013 Profile aus Polymerbeton\" \/>\n<meta property=\"article:modified_time\" content=\"2020-06-25T22:53:04+00:00\" \/>\n<meta name=\"twitter:card\" content=\"summary_large_image\" \/>\n<meta name=\"twitter:label1\" content=\"Estimeret l\u00e6setid\" \/>\n\t<meta name=\"twitter:data1\" content=\"7 minutter\" \/>\n<script type=\"application\/ld+json\" class=\"yoast-schema-graph\">{\"@context\":\"https:\/\/schema.org\",\"@graph\":[{\"@type\":\"WebPage\",\"@id\":\"https:\/\/polyprofil.de\/da\/specialprofiler\/\",\"url\":\"https:\/\/polyprofil.de\/da\/specialprofiler\/\",\"name\":\"specialprofiler - Polyprofil \u2013 Profile aus Polymerbeton\",\"isPartOf\":{\"@id\":\"https:\/\/polyprofil.de\/da\/#website\"},\"datePublished\":\"2020-06-25T22:20:04+00:00\",\"dateModified\":\"2020-06-25T22:53:04+00:00\",\"breadcrumb\":{\"@id\":\"https:\/\/polyprofil.de\/da\/specialprofiler\/#breadcrumb\"},\"inLanguage\":\"da-DK\",\"potentialAction\":[{\"@type\":\"ReadAction\",\"target\":[\"https:\/\/polyprofil.de\/da\/specialprofiler\/\"]}]},{\"@type\":\"BreadcrumbList\",\"@id\":\"https:\/\/polyprofil.de\/da\/specialprofiler\/#breadcrumb\",\"itemListElement\":[{\"@type\":\"ListItem\",\"position\":1,\"name\":\"Startseite\",\"item\":\"https:\/\/polyprofil.de\/da\/?lang=da\"},{\"@type\":\"ListItem\",\"position\":2,\"name\":\"specialprofiler\"}]},{\"@type\":\"WebSite\",\"@id\":\"https:\/\/polyprofil.de\/da\/#website\",\"url\":\"https:\/\/polyprofil.de\/da\/\",\"name\":\"Polyprofil \u2013 Profile aus Polymerbeton\",\"description\":\"Hohlkehlen, Tropfleisten, Treppenkantenprofile und Sonderprofile\",\"potentialAction\":[{\"@type\":\"SearchAction\",\"target\":{\"@type\":\"EntryPoint\",\"urlTemplate\":\"https:\/\/polyprofil.de\/da\/?s={search_term_string}\"},\"query-input\":\"required name=search_term_string\"}],\"inLanguage\":\"da-DK\"}]}<\/script>\n<!-- \/ Yoast SEO plugin. -->","yoast_head_json":{"title":"specialprofiler - Polyprofil \u2013 Profile aus Polymerbeton","robots":{"index":"index","follow":"follow","max-snippet":"max-snippet:-1","max-image-preview":"max-image-preview:large","max-video-preview":"max-video-preview:-1"},"canonical":"https:\/\/polyprofil.de\/da\/specialprofiler\/","og_locale":"da_DK","og_type":"article","og_title":"specialprofiler - Polyprofil \u2013 Profile aus Polymerbeton","og_description":"[et_pb_section fb_built=&#8221;1&#8243; _builder_version=&#8221;3.22&#8243; background_image=&#8221;https:\/\/www.lms-berlin.de\/wp_polyprofil\/wp-content\/uploads\/2018\/08\/Polyprofil_Sonderprofile_Header.jpg&#8221; background_position=&#8221;bottom_center&#8221; custom_css_main_element=&#8221;height: 400px;&#8221;][et_pb_row use_custom_gutter=&#8221;on&#8221; gutter_width=&#8221;2&#8243; module_class=&#8221; et_pb_row_fullwidth&#8221; _builder_version=&#8221;3.25&#8243; width=&#8221;94%&#8221; width_tablet=&#8221;80%&#8221; width_last_edited=&#8221;on|desktop&#8221; max_width=&#8221;94%&#8221; max_width_tablet=&#8221;80%&#8221; max_width_last_edited=&#8221;on|desktop&#8221; make_fullwidth=&#8221;on&#8221; column_structure=&#8221;1_2,1_2&#8243;][et_pb_column type=&#8221;1_2&#8243; _builder_version=&#8221;3.25&#8243; custom_padding=&#8221;|||&#8221; custom_padding__hover=&#8221;|||&#8221;][\/et_pb_column][et_pb_column type=&#8221;1_2&#8243; _builder_version=&#8221;3.25&#8243; custom_padding=&#8221;|||&#8221; custom_padding__hover=&#8221;|||&#8221;][et_pb_divider show_divider=&#8221;off&#8221; _builder_version=&#8221;3.14&#8243; height=&#8221;75px&#8221;][\/et_pb_divider][et_pb_text _builder_version=&#8221;3.27.4&#8243; text_font=&#8221;|700|||||||&#8221; text_font_size=&#8221;40px&#8221; background_layout=&#8221;dark&#8221;]Polyprofil specialprofiler [\/et_pb_text][et_pb_text _builder_version=&#8221;3.27.4&#8243; text_font_size=&#8221;22px&#8221; text_line_height=&#8221;1.2em&#8221; background_layout=&#8221;dark&#8221;]Pr\u00e6fabrikerede profiler, hvis tv\u00e6rsnit designes efter kundens eller bygherrens \u00f8nsker og krav [\/et_pb_text][\/et_pb_column][\/et_pb_row][\/et_pb_section][et_pb_section fb_built=&#8221;1&#8243; _builder_version=&#8221;3.22&#8243;][et_pb_row [&hellip;]","og_url":"https:\/\/polyprofil.de\/da\/specialprofiler\/","og_site_name":"Polyprofil \u2013 Profile aus Polymerbeton","article_modified_time":"2020-06-25T22:53:04+00:00","twitter_card":"summary_large_image","twitter_misc":{"Estimeret l\u00e6setid":"7 minutter"},"schema":{"@context":"https:\/\/schema.org","@graph":[{"@type":"WebPage","@id":"https:\/\/polyprofil.de\/da\/specialprofiler\/","url":"https:\/\/polyprofil.de\/da\/specialprofiler\/","name":"specialprofiler - Polyprofil \u2013 Profile aus Polymerbeton","isPartOf":{"@id":"https:\/\/polyprofil.de\/da\/#website"},"datePublished":"2020-06-25T22:20:04+00:00","dateModified":"2020-06-25T22:53:04+00:00","breadcrumb":{"@id":"https:\/\/polyprofil.de\/da\/specialprofiler\/#breadcrumb"},"inLanguage":"da-DK","potentialAction":[{"@type":"ReadAction","target":["https:\/\/polyprofil.de\/da\/specialprofiler\/"]}]},{"@type":"BreadcrumbList","@id":"https:\/\/polyprofil.de\/da\/specialprofiler\/#breadcrumb","itemListElement":[{"@type":"ListItem","position":1,"name":"Startseite","item":"https:\/\/polyprofil.de\/da\/?lang=da"},{"@type":"ListItem","position":2,"name":"specialprofiler"}]},{"@type":"WebSite","@id":"https:\/\/polyprofil.de\/da\/#website","url":"https:\/\/polyprofil.de\/da\/","name":"Polyprofil \u2013 Profile aus Polymerbeton","description":"Hohlkehlen, Tropfleisten, Treppenkantenprofile und Sonderprofile","potentialAction":[{"@type":"SearchAction","target":{"@type":"EntryPoint","urlTemplate":"https:\/\/polyprofil.de\/da\/?s={search_term_string}"},"query-input":"required name=search_term_string"}],"inLanguage":"da-DK"}]}},"_links":{"self":[{"href":"https:\/\/polyprofil.de\/da\/wp-json\/wp\/v2\/pages\/887"}],"collection":[{"href":"https:\/\/polyprofil.de\/da\/wp-json\/wp\/v2\/pages"}],"about":[{"href":"https:\/\/polyprofil.de\/da\/wp-json\/wp\/v2\/types\/page"}],"author":[{"embeddable":true,"href":"https:\/\/polyprofil.de\/da\/wp-json\/wp\/v2\/users\/1"}],"replies":[{"embeddable":true,"href":"https:\/\/polyprofil.de\/da\/wp-json\/wp\/v2\/comments?post=887"}],"version-history":[{"count":2,"href":"https:\/\/polyprofil.de\/da\/wp-json\/wp\/v2\/pages\/887\/revisions"}],"predecessor-version":[{"id":913,"href":"https:\/\/polyprofil.de\/da\/wp-json\/wp\/v2\/pages\/887\/revisions\/913"}],"wp:attachment":[{"href":"https:\/\/polyprofil.de\/da\/wp-json\/wp\/v2\/media?parent=887"}],"curies":[{"name":"wp","href":"https:\/\/api.w.org\/{rel}","templated":true}]}}