{"id":874,"date":"2020-06-25T23:55:02","date_gmt":"2020-06-25T21:55:02","guid":{"rendered":"https:\/\/polyprofil.de\/kontakt\/"},"modified":"2020-06-26T00:51:51","modified_gmt":"2020-06-25T22:51:51","slug":"kontakt","status":"publish","type":"page","link":"https:\/\/polyprofil.de\/da\/kontakt\/","title":{"rendered":"Kontakt"},"content":{"rendered":"<p>[et_pb_section fb_built=&#8221;1&#8243; _builder_version=&#8221;3.22&#8243; background_image=&#8221;https:\/\/www.lms-berlin.de\/wp_polyprofil\/wp-content\/uploads\/2018\/09\/Header_ueberuns.jpg&#8221; background_position=&#8221;bottom_center&#8221; custom_css_main_element=&#8221;height: 550px;&#8221;][et_pb_row use_custom_gutter=&#8221;on&#8221; gutter_width=&#8221;2&#8243; module_class=&#8221; et_pb_row_fullwidth&#8221; _builder_version=&#8221;3.25&#8243; width=&#8221;94%&#8221; width_tablet=&#8221;80%&#8221; width_last_edited=&#8221;on|desktop&#8221; max_width=&#8221;94%&#8221; max_width_tablet=&#8221;80%&#8221; max_width_last_edited=&#8221;on|desktop&#8221; make_fullwidth=&#8221;on&#8221; column_structure=&#8221;1_2,1_2&#8243;][et_pb_column type=&#8221;1_2&#8243; _builder_version=&#8221;3.25&#8243; custom_padding=&#8221;|||&#8221; custom_padding__hover=&#8221;|||&#8221;][\/et_pb_column][et_pb_column type=&#8221;1_2&#8243; _builder_version=&#8221;3.25&#8243; custom_padding=&#8221;|||&#8221; custom_padding__hover=&#8221;|||&#8221;][et_pb_divider show_divider=&#8221;off&#8221; _builder_version=&#8221;3.14&#8243; height=&#8221;200px&#8221;][\/et_pb_divider][et_pb_text _builder_version=&#8221;3.27.4&#8243; text_font=&#8221;|700|||||||&#8221; text_font_size=&#8221;40px&#8221; background_layout=&#8221;dark&#8221;]Kontakt<br \/>\n[\/et_pb_text][et_pb_text _builder_version=&#8221;3.27.4&#8243; text_font_size=&#8221;22px&#8221; background_layout=&#8221;dark&#8221;]S\u00e5dan kontakter du os<br \/>\n[\/et_pb_text][\/et_pb_column][\/et_pb_row][\/et_pb_section][et_pb_section fb_built=&#8221;1&#8243; _builder_version=&#8221;3.22&#8243; background_color=&#8221;#3a373a&#8221;][et_pb_row use_custom_gutter=&#8221;on&#8221; gutter_width=&#8221;2&#8243; module_class=&#8221; et_pb_row_fullwidth&#8221; _builder_version=&#8221;3.25&#8243; width=&#8221;94%&#8221; width_tablet=&#8221;80%&#8221; width_last_edited=&#8221;on|desktop&#8221; max_width=&#8221;94%&#8221; max_width_tablet=&#8221;80%&#8221; max_width_last_edited=&#8221;on|desktop&#8221; make_fullwidth=&#8221;on&#8221; column_structure=&#8221;1_2,1_2&#8243;][et_pb_column type=&#8221;1_2&#8243; _builder_version=&#8221;3.25&#8243; custom_padding=&#8221;|||&#8221; custom_padding__hover=&#8221;|||&#8221;][\/et_pb_column][et_pb_column type=&#8221;1_2&#8243; _builder_version=&#8221;3.25&#8243; custom_padding=&#8221;|||&#8221; custom_padding__hover=&#8221;|||&#8221;][et_pb_text _builder_version=&#8221;3.27.4&#8243; text_line_height=&#8221;1.4em&#8221; background_layout=&#8221;dark&#8221;]Har du sp\u00f8rgsm\u00e5l til POLYPROFIL? Kontakt os, vi svarer gerne p\u00e5 dine sp\u00f8rgsm\u00e5l<br \/>\n[\/et_pb_text][et_pb_divider show_divider=&#8221;off&#8221; _builder_version=&#8221;3.14&#8243; height=&#8221;40px&#8221;][\/et_pb_divider][et_pb_text _builder_version=&#8221;3.27.4&#8243; text_font_size=&#8221;22px&#8221; background_layout=&#8221;dark&#8221;]Din anmodning<br \/>\n[\/et_pb_text][et_pb_text _builder_version=&#8221;3.27.4&#8243; header_6_font_size=&#8221;19px&#8221; background_layout=&#8221;dark&#8221;]<div class=\"caldera-grid\" id=\"caldera_form_1\" data-cf-ver=\"1.9.4\" data-cf-form-id=\"CF5ef51b612b9e0\"><div id=\"caldera_notices_1\" data-spinner=\"https:\/\/polyprofil.de\/wp-admin\/images\/spinner.gif\"><\/div><form data-instance=\"1\" class=\"CF5ef51b612b9e0 caldera_forms_form cfajax-trigger\" method=\"POST\" enctype=\"multipart\/form-data\" id=\"CF5ef51b612b9e0_1\" data-form-id=\"CF5ef51b612b9e0\" aria-label=\"Kontakt d&auml;nisch\" data-target=\"#caldera_notices_1\" data-template=\"#cfajax_CF5ef51b612b9e0-tmpl\" data-cfajax=\"CF5ef51b612b9e0\" data-load-element=\"_parent\" data-load-class=\"cf_processing\" data-post-disable=\"0\" data-action=\"cf_process_ajax_submit\" data-request=\"https:\/\/polyprofil.de\/da\/\/cf-api\/CF5ef51b612b9e0\" data-hiderows=\"true\">\r\n<input type=\"hidden\" id=\"_cf_verify_CF5ef51b612b9e0\" name=\"_cf_verify\" value=\"c483cb78a6\"  data-nonce-time=\"1776786168\" \/><input type=\"hidden\" name=\"_wp_http_referer\" value=\"\/da\/wp-json\/wp\/v2\/pages\/874\" \/><div id=\"cf2-CF5ef51b612b9e0_1\"><\/div><input type=\"hidden\" name=\"_cf_frm_id\" value=\"CF5ef51b612b9e0\">\r\n<input type=\"hidden\" name=\"_cf_frm_ct\" value=\"1\">\r\n<input type=\"hidden\" name=\"cfajax\" value=\"CF5ef51b612b9e0\">\r\n<input type=\"hidden\" name=\"_cf_cr_pst\" value=\"874\">\r\n<div class=\"hide\" style=\"display:none; overflow:hidden;height:0;width:0;\">\r\n<label>Twitter<\/label><input type=\"text\" name=\"twitter\" value=\"\" autocomplete=\"off\">\r\n<\/div><div id=\"CF5ef51b612b9e0_1-row-1\"  class=\"row  first_row\"><div  class=\"col-sm-6  first_col\"><div data-field-wrapper=\"fld_8768091\" class=\"form-group\" id=\"fld_8768091_1-wrap\">\r\n\t<label id=\"fld_8768091Label\" for=\"fld_8768091_1\" class=\"control-label\">Fornavn <span aria-hidden=\"true\" role=\"presentation\" class=\"field_required\" style=\"color:#ee0000;\">*<\/span><\/label>\r\n\t<div class=\"\">\r\n\t\t<input   required type=\"text\" data-field=\"fld_8768091\" class=\" form-control\" id=\"fld_8768091_1\" name=\"fld_8768091\" value=\"\" data-type=\"text\" aria-required=\"true\"   aria-labelledby=\"fld_8768091Label\" >\t\t\t<\/div>\r\n<\/div>\r\n<\/div><div  class=\"col-sm-6  last_col\"><div data-field-wrapper=\"fld_9970286\" class=\"form-group\" id=\"fld_9970286_1-wrap\">\r\n\t<label id=\"fld_9970286Label\" for=\"fld_9970286_1\" class=\"control-label\">Efternavn <span aria-hidden=\"true\" role=\"presentation\" class=\"field_required\" style=\"color:#ee0000;\">*<\/span><\/label>\r\n\t<div class=\"\">\r\n\t\t<input   required type=\"text\" data-field=\"fld_9970286\" class=\" form-control\" id=\"fld_9970286_1\" name=\"fld_9970286\" value=\"\" data-type=\"text\" aria-required=\"true\"   aria-labelledby=\"fld_9970286Label\" >\t\t\t<\/div>\r\n<\/div>\r\n<\/div><\/div><div id=\"CF5ef51b612b9e0_1-row-2\"  class=\"row \"><div  class=\"col-sm-6  first_col\"><div data-field-wrapper=\"fld_6009157\" class=\"form-group\" id=\"fld_6009157_1-wrap\">\r\n\t<label id=\"fld_6009157Label\" for=\"fld_6009157_1\" class=\"control-label\">E-mailadresse <span aria-hidden=\"true\" role=\"presentation\" class=\"field_required\" style=\"color:#ee0000;\">*<\/span><\/label>\r\n\t<div class=\"\">\r\n\t\t<input   required type=\"email\" data-field=\"fld_6009157\" class=\" form-control\" id=\"fld_6009157_1\" name=\"fld_6009157\" value=\"\" data-type=\"email\" aria-required=\"true\"   aria-labelledby=\"fld_6009157Label\" >\t\t\t<\/div>\r\n<\/div>\r\n<\/div><div  class=\"col-sm-6  last_col\"><div data-field-wrapper=\"fld_6599913\" class=\"form-group\" id=\"fld_6599913_1-wrap\">\r\n\t<label id=\"fld_6599913Label\" for=\"fld_6599913_1\" class=\"control-label\">Telefon<\/label>\r\n\t<div class=\"\">\r\n\t\t<input  data-inputmask=\"'mask': '(999)999-9999'\"   type=\"phone\" data-field=\"fld_6599913\" class=\" form-control\" id=\"fld_6599913_1\" name=\"fld_6599913\" value=\"\" data-type=\"phone\"   aria-labelledby=\"fld_6599913Label\" >\t\t\t<\/div>\r\n<\/div>\r\n<\/div><\/div><div id=\"CF5ef51b612b9e0_1-row-3\"  class=\"row \"><div  class=\"col-sm-12  single\"><div data-field-wrapper=\"fld_2763651\" class=\"form-group\" id=\"fld_2763651_1-wrap\">\r\n\t<label id=\"fld_2763651Label\" for=\"fld_2763651_1\" class=\"control-label\">Hvilke produkter interesserer du dig for?<\/label>\r\n\t<div class=\"\">\r\n\t\t<select name=\"fld_2763651\" value=\"\" data-field=\"fld_2763651\" class=\"form-control\" id=\"fld_2763651_1\"    aria-labelledby=\"fld_2763651Label\" >\n\t\t<option value=\"\" disabled selected>V\u00e6lg venligst<\/option>\t\t\t\t\t<option value=\"POLYPROFIL Hulkelister\"  data-calc-value=\"POLYPROFIL Hohlkehlen\" >\n\t\t\t\t\t\tPOLYPROFIL Hulkelister\t\t\t\t\t<\/option>\n\t\t\t\t\t\t\t\t\t\t<option value=\"POLYPROFIL Dryplister\"  data-calc-value=\"POLYPROFIL Tropfleisten\" >\n\t\t\t\t\t\tPOLYPROFIL Dryplister\t\t\t\t\t<\/option>\n\t\t\t\t\t\t\t\t\t\t<option value=\"POLYPROFIL Trappekanter\"  data-calc-value=\"POLYPROFIL Treppenkanten\" >\n\t\t\t\t\t\tPOLYPROFIL Trappekanter\t\t\t\t\t<\/option>\n\t\t\t\t\t\t\t\t\t\t<option value=\"POLYPROFIL Specialprofiler\"  data-calc-value=\"POLYPROFIL Sonderprofile\" >\n\t\t\t\t\t\tPOLYPROFIL Specialprofiler\t\t\t\t\t<\/option>\n\t\t\t\t\t\t\t<\/select>\n\t\t\t<\/div>\r\n<\/div>\r\n<div data-field-wrapper=\"fld_7683514\" class=\"form-group\" id=\"fld_7683514_1-wrap\">\r\n\t<label id=\"fld_7683514Label\" for=\"fld_7683514_1\" class=\"control-label\">Din anmodning <span aria-hidden=\"true\" role=\"presentation\" class=\"field_required\" style=\"color:#ee0000;\">*<\/span><\/label>\r\n\t<div class=\"\">\r\n\t\t<textarea name=\"fld_7683514\" value=\"\" data-field=\"fld_7683514\" class=\"form-control\" id=\"fld_7683514_1\" rows=\"7\"  required=\"required\"  aria-labelledby=\"fld_7683514Label\" ><\/textarea>\n\t\t\t<\/div>\r\n<\/div>\r\n<\/div><\/div><div id=\"CF5ef51b612b9e0_1-row-4\"  class=\"row \"><div  class=\"col-sm-12  single\"><div data-field-wrapper=\"fld_7659623\" class=\"form-group\" id=\"fld_7659623_1-wrap\">\r\n\t<label id=\"fld_7659623Label\" for=\"fld_7659623_1\" class=\"control-label screen-reader-text sr-only\">Datenschutz<\/label>\r\n\t<div class=\"\">\r\n\t\t\t\t\t\t\t\t\t\t\t<div class=\"checkbox\">\n\t\t\t\t\n                <label                         for=\"fld_7659623_1_opt2049575\"\n                >\n                            <input\n                                data-parsley-required=\"true\" data-parsley-group=\"fld_7659623_1\" data-parsley-multiple=\"fld_7659623_1\"                                type=\"checkbox\"\n                                data-label=\"Du accepterer, at dine data bruges til at behandle din anmodning med. Yderligere information og oplysninger om tilbagetr\u00e6kning af samtykket ses i  &lt;a href=&quot;https:\/\/www.polyprofil.datenschutzerklaerung\/&quot; target=&quot;_blank&quot;&gt;databeskyttelseserkl\u00e6ringen&lt;\/a&gt;.\"\n                                data-field=\"fld_7659623\"\n                                id=\"fld_7659623_1_opt2049575\"\n                                class=\"fld_7659623_1 option-required\"\n                                name=\"fld_7659623[opt2049575]\"\n                                value=\"Du accepterer, at dine data bruges til at behandle din anmodning med. Yderligere information og oplysninger om tilbagetr\u00e6kning af samtykket ses i  &lt;a href=&quot;https:\/\/www.polyprofil.datenschutzerklaerung\/&quot; target=&quot;_blank&quot;&gt;databeskyttelseserkl\u00e6ringen&lt;\/a&gt;.\"\n                                                                data-type=\"checkbox\"\n                                data-checkbox-field=\"fld_7659623_1\"\n                                                                data-calc-value=\"Sie erkl\u00e4ren sich damit einverstanden, dass Ihre Daten zur Bearbeitung Ihres Anliegens verwendet werden. Weitere Informationen und Widerrufshinweise finden Sie in der &lt;a href=&quot;https:\/\/www.lms-berlin.de\/wp_polyprofil\/datenschutzerklaerung\/&quot; target=&quot;_blank&quot;&gt;Datenschutzerkl\u00e4rung&lt;\/a&gt;.\"\n                            >\n                    Du accepterer, at dine data bruges til at behandle din anmodning med. Yderligere information og oplysninger om tilbagetr\u00e6kning af samtykket ses i  <a href=\"https:\/\/www.polyprofil.datenschutzerklaerung\/\" target=\"_blank\">databeskyttelseserkl\u00e6ringen<\/a>.                <\/label>\n\n                \t\t\t\t\t<\/div>\n\t\t\t\t\t\t\t\t\t\t\t<\/div>\r\n<\/div>\r\n<\/div><\/div><div id=\"CF5ef51b612b9e0_1-row-5\"  class=\"row  last_row\"><div  class=\"col-sm-12  single\"><div data-field-wrapper=\"fld_7908577\" class=\"form-group\" id=\"fld_7908577_1-wrap\">\r\n<div class=\"\">\r\n\t<input  class=\"btn btn-default\" type=\"submit\" name=\"fld_7908577\" id=\"fld_7908577_1\" value=\"Send\" data-field=\"fld_7908577\"  >\n<\/div>\r\n<\/div>\r\n\t<input class=\"button_trigger_1\" type=\"hidden\" name=\"fld_7908577\" id=\"fld_7908577_1_btn\" value=\"\" data-field=\"fld_7908577\"  \/>\n<\/div><\/div><\/form>\r\n<\/div>\r\n<br \/>\n[\/et_pb_text][\/et_pb_column][\/et_pb_row][\/et_pb_section][et_pb_section fb_built=&#8221;1&#8243; _builder_version=&#8221;3.22&#8243; background_color=&#8221;#3a373a&#8221; locked=&#8221;off&#8221;][et_pb_row column_structure=&#8221;1_4,1_4,1_4,1_4&#8243; _builder_version=&#8221;3.25&#8243; background_size=&#8221;initial&#8221; background_position=&#8221;top_left&#8221; background_repeat=&#8221;repeat&#8221;][et_pb_column type=&#8221;1_4&#8243; _builder_version=&#8221;3.25&#8243; custom_padding=&#8221;|||&#8221; custom_padding__hover=&#8221;|||&#8221;][et_pb_image src=&#8221;https:\/\/www.lms-berlin.de\/wp_polyprofil\/wp-content\/uploads\/2018\/01\/Logo_Polyprofil.png&#8221; align_tablet=&#8221;center&#8221; align_phone=&#8221;&#8221; align_last_edited=&#8221;on|desktop&#8221; _builder_version=&#8221;3.23&#8243; max_width=&#8221;80%&#8221; module_alignment=&#8221;left&#8221;][\/et_pb_image][\/et_pb_column][et_pb_column type=&#8221;1_4&#8243; _builder_version=&#8221;3.25&#8243; custom_padding=&#8221;|||&#8221; custom_padding__hover=&#8221;|||&#8221;][et_pb_text _builder_version=&#8221;4.4.8&#8243; text_font_size=&#8221;18px&#8221; text_line_height=&#8221;1.4em&#8221; link_text_color=&#8221;#ffffff&#8221; link_font_size=&#8221;18px&#8221; header_3_font_size=&#8221;20px&#8221; background_layout=&#8221;dark&#8221; hover_enabled=&#8221;0&#8243; text_line_height_tablet=&#8221;&#8221; text_line_height_phone=&#8221;&#8221; text_line_height_last_edited=&#8221;on|&#8221;]Hulkelister<br \/>\nDryplister<br \/>\nTrappekanter<br \/>\nSpecialprofiler[\/et_pb_text][\/et_pb_column][et_pb_column type=&#8221;1_4&#8243; _builder_version=&#8221;3.25&#8243; custom_padding=&#8221;|||&#8221; custom_padding__hover=&#8221;|||&#8221;][et_pb_text _builder_version=&#8221;4.4.8&#8243; text_font_size=&#8221;18px&#8221; text_line_height=&#8221;1.4em&#8221; link_text_color=&#8221;#ffffff&#8221; link_font_size=&#8221;18px&#8221; header_3_font_size=&#8221;20px&#8221; background_layout=&#8221;dark&#8221; text_line_height_tablet=&#8221;&#8221; text_line_height_phone=&#8221;&#8221; text_line_height_last_edited=&#8221;on|&#8221;]Om os<br \/>\nKontakt<br \/>\nImpressum<br \/>\nDatabeskyttelse[\/et_pb_text][\/et_pb_column][et_pb_column type=&#8221;1_4&#8243; _builder_version=&#8221;3.25&#8243; custom_padding=&#8221;|||&#8221; custom_padding__hover=&#8221;|||&#8221;][et_pb_text _builder_version=&#8221;4.4.8&#8243; text_font_size=&#8221;18px&#8221; text_line_height=&#8221;1.4em&#8221; header_3_font_size=&#8221;20px&#8221; header_5_font_size=&#8221;18px&#8221; header_5_line_height=&#8221;1.4em&#8221; background_layout=&#8221;dark&#8221; text_line_height_tablet=&#8221;&#8221; text_line_height_phone=&#8221;&#8221; text_line_height_last_edited=&#8221;on|&#8221;]<\/p>\n<div class=\"et_pb_module et_pb_text et_pb_text_3 et_pb_bg_layout_light et_pb_text_align_left\">\n<div class=\"et_pb_text_inner\">\n<p>Wackenbergstr. 65-75<br \/>\n13156 Berlin<br \/>\nTel.: +49 (0)30 &#8211; 477 503 50<br \/>\nFax: +49 (0)30 &#8211; 477 114 1<\/p>\n<\/div>\n<\/div>\n<p>[\/et_pb_text][\/et_pb_column][\/et_pb_row][\/et_pb_section]<\/p>\n","protected":false},"excerpt":{"rendered":"<p>[et_pb_section fb_built=&#8221;1&#8243; _builder_version=&#8221;3.22&#8243; background_image=&#8221;https:\/\/www.lms-berlin.de\/wp_polyprofil\/wp-content\/uploads\/2018\/09\/Header_ueberuns.jpg&#8221; background_position=&#8221;bottom_center&#8221; custom_css_main_element=&#8221;height: 550px;&#8221;][et_pb_row use_custom_gutter=&#8221;on&#8221; gutter_width=&#8221;2&#8243; module_class=&#8221; et_pb_row_fullwidth&#8221; _builder_version=&#8221;3.25&#8243; width=&#8221;94%&#8221; width_tablet=&#8221;80%&#8221; width_last_edited=&#8221;on|desktop&#8221; max_width=&#8221;94%&#8221; max_width_tablet=&#8221;80%&#8221; max_width_last_edited=&#8221;on|desktop&#8221; make_fullwidth=&#8221;on&#8221; column_structure=&#8221;1_2,1_2&#8243;][et_pb_column type=&#8221;1_2&#8243; _builder_version=&#8221;3.25&#8243; custom_padding=&#8221;|||&#8221; custom_padding__hover=&#8221;|||&#8221;][\/et_pb_column][et_pb_column type=&#8221;1_2&#8243; _builder_version=&#8221;3.25&#8243; custom_padding=&#8221;|||&#8221; custom_padding__hover=&#8221;|||&#8221;][et_pb_divider show_divider=&#8221;off&#8221; _builder_version=&#8221;3.14&#8243; height=&#8221;200px&#8221;][\/et_pb_divider][et_pb_text _builder_version=&#8221;3.27.4&#8243; text_font=&#8221;|700|||||||&#8221; text_font_size=&#8221;40px&#8221; background_layout=&#8221;dark&#8221;]Kontakt [\/et_pb_text][et_pb_text _builder_version=&#8221;3.27.4&#8243; text_font_size=&#8221;22px&#8221; background_layout=&#8221;dark&#8221;]S\u00e5dan kontakter du os [\/et_pb_text][\/et_pb_column][\/et_pb_row][\/et_pb_section][et_pb_section fb_built=&#8221;1&#8243; _builder_version=&#8221;3.22&#8243; background_color=&#8221;#3a373a&#8221;][et_pb_row use_custom_gutter=&#8221;on&#8221; gutter_width=&#8221;2&#8243; module_class=&#8221; et_pb_row_fullwidth&#8221; _builder_version=&#8221;3.25&#8243; width=&#8221;94%&#8221; width_tablet=&#8221;80%&#8221; width_last_edited=&#8221;on|desktop&#8221; max_width=&#8221;94%&#8221; [&hellip;]<\/p>\n","protected":false},"author":1,"featured_media":0,"parent":0,"menu_order":0,"comment_status":"closed","ping_status":"closed","template":"","meta":{"_et_pb_use_builder":"on","_et_pb_old_content":"","_et_gb_content_width":"","footnotes":""},"yoast_head":"<!-- This site is optimized with the Yoast SEO plugin v22.2 - https:\/\/yoast.com\/wordpress\/plugins\/seo\/ -->\n<title>Kontakt - Polyprofil \u2013 Profile aus Polymerbeton<\/title>\n<meta name=\"robots\" content=\"index, follow, max-snippet:-1, max-image-preview:large, max-video-preview:-1\" \/>\n<link rel=\"canonical\" href=\"https:\/\/polyprofil.de\/da\/kontakt\/\" \/>\n<meta property=\"og:locale\" content=\"da_DK\" \/>\n<meta property=\"og:type\" content=\"article\" \/>\n<meta property=\"og:title\" content=\"Kontakt - Polyprofil \u2013 Profile aus Polymerbeton\" \/>\n<meta property=\"og:description\" content=\"[et_pb_section fb_built=&#8221;1&#8243; _builder_version=&#8221;3.22&#8243; background_image=&#8221;https:\/\/www.lms-berlin.de\/wp_polyprofil\/wp-content\/uploads\/2018\/09\/Header_ueberuns.jpg&#8221; background_position=&#8221;bottom_center&#8221; custom_css_main_element=&#8221;height: 550px;&#8221;][et_pb_row use_custom_gutter=&#8221;on&#8221; gutter_width=&#8221;2&#8243; module_class=&#8221; et_pb_row_fullwidth&#8221; _builder_version=&#8221;3.25&#8243; width=&#8221;94%&#8221; width_tablet=&#8221;80%&#8221; width_last_edited=&#8221;on|desktop&#8221; max_width=&#8221;94%&#8221; max_width_tablet=&#8221;80%&#8221; max_width_last_edited=&#8221;on|desktop&#8221; make_fullwidth=&#8221;on&#8221; column_structure=&#8221;1_2,1_2&#8243;][et_pb_column type=&#8221;1_2&#8243; _builder_version=&#8221;3.25&#8243; custom_padding=&#8221;|||&#8221; custom_padding__hover=&#8221;|||&#8221;][\/et_pb_column][et_pb_column type=&#8221;1_2&#8243; _builder_version=&#8221;3.25&#8243; custom_padding=&#8221;|||&#8221; custom_padding__hover=&#8221;|||&#8221;][et_pb_divider show_divider=&#8221;off&#8221; _builder_version=&#8221;3.14&#8243; height=&#8221;200px&#8221;][\/et_pb_divider][et_pb_text _builder_version=&#8221;3.27.4&#8243; text_font=&#8221;|700|||||||&#8221; text_font_size=&#8221;40px&#8221; background_layout=&#8221;dark&#8221;]Kontakt [\/et_pb_text][et_pb_text _builder_version=&#8221;3.27.4&#8243; text_font_size=&#8221;22px&#8221; background_layout=&#8221;dark&#8221;]S\u00e5dan kontakter du os [\/et_pb_text][\/et_pb_column][\/et_pb_row][\/et_pb_section][et_pb_section fb_built=&#8221;1&#8243; _builder_version=&#8221;3.22&#8243; background_color=&#8221;#3a373a&#8221;][et_pb_row use_custom_gutter=&#8221;on&#8221; gutter_width=&#8221;2&#8243; module_class=&#8221; et_pb_row_fullwidth&#8221; _builder_version=&#8221;3.25&#8243; width=&#8221;94%&#8221; width_tablet=&#8221;80%&#8221; width_last_edited=&#8221;on|desktop&#8221; max_width=&#8221;94%&#8221; [&hellip;]\" \/>\n<meta property=\"og:url\" content=\"https:\/\/polyprofil.de\/da\/kontakt\/\" \/>\n<meta property=\"og:site_name\" content=\"Polyprofil \u2013 Profile aus Polymerbeton\" \/>\n<meta property=\"article:modified_time\" content=\"2020-06-25T22:51:51+00:00\" \/>\n<meta name=\"twitter:card\" content=\"summary_large_image\" \/>\n<meta name=\"twitter:label1\" content=\"Estimeret l\u00e6setid\" \/>\n\t<meta name=\"twitter:data1\" content=\"3 minutter\" \/>\n<script type=\"application\/ld+json\" class=\"yoast-schema-graph\">{\"@context\":\"https:\/\/schema.org\",\"@graph\":[{\"@type\":\"WebPage\",\"@id\":\"https:\/\/polyprofil.de\/da\/kontakt\/\",\"url\":\"https:\/\/polyprofil.de\/da\/kontakt\/\",\"name\":\"Kontakt - Polyprofil \u2013 Profile aus Polymerbeton\",\"isPartOf\":{\"@id\":\"https:\/\/polyprofil.de\/da\/#website\"},\"datePublished\":\"2020-06-25T21:55:02+00:00\",\"dateModified\":\"2020-06-25T22:51:51+00:00\",\"breadcrumb\":{\"@id\":\"https:\/\/polyprofil.de\/da\/kontakt\/#breadcrumb\"},\"inLanguage\":\"da-DK\",\"potentialAction\":[{\"@type\":\"ReadAction\",\"target\":[\"https:\/\/polyprofil.de\/da\/kontakt\/\"]}]},{\"@type\":\"BreadcrumbList\",\"@id\":\"https:\/\/polyprofil.de\/da\/kontakt\/#breadcrumb\",\"itemListElement\":[{\"@type\":\"ListItem\",\"position\":1,\"name\":\"Startseite\",\"item\":\"https:\/\/polyprofil.de\/da\/?lang=da\"},{\"@type\":\"ListItem\",\"position\":2,\"name\":\"Kontakt\"}]},{\"@type\":\"WebSite\",\"@id\":\"https:\/\/polyprofil.de\/da\/#website\",\"url\":\"https:\/\/polyprofil.de\/da\/\",\"name\":\"Polyprofil \u2013 Profile aus Polymerbeton\",\"description\":\"Hohlkehlen, Tropfleisten, Treppenkantenprofile und Sonderprofile\",\"potentialAction\":[{\"@type\":\"SearchAction\",\"target\":{\"@type\":\"EntryPoint\",\"urlTemplate\":\"https:\/\/polyprofil.de\/da\/?s={search_term_string}\"},\"query-input\":\"required name=search_term_string\"}],\"inLanguage\":\"da-DK\"}]}<\/script>\n<!-- \/ Yoast SEO plugin. -->","yoast_head_json":{"title":"Kontakt - Polyprofil \u2013 Profile aus Polymerbeton","robots":{"index":"index","follow":"follow","max-snippet":"max-snippet:-1","max-image-preview":"max-image-preview:large","max-video-preview":"max-video-preview:-1"},"canonical":"https:\/\/polyprofil.de\/da\/kontakt\/","og_locale":"da_DK","og_type":"article","og_title":"Kontakt - Polyprofil \u2013 Profile aus Polymerbeton","og_description":"[et_pb_section fb_built=&#8221;1&#8243; _builder_version=&#8221;3.22&#8243; background_image=&#8221;https:\/\/www.lms-berlin.de\/wp_polyprofil\/wp-content\/uploads\/2018\/09\/Header_ueberuns.jpg&#8221; background_position=&#8221;bottom_center&#8221; custom_css_main_element=&#8221;height: 550px;&#8221;][et_pb_row use_custom_gutter=&#8221;on&#8221; gutter_width=&#8221;2&#8243; module_class=&#8221; et_pb_row_fullwidth&#8221; _builder_version=&#8221;3.25&#8243; width=&#8221;94%&#8221; width_tablet=&#8221;80%&#8221; width_last_edited=&#8221;on|desktop&#8221; max_width=&#8221;94%&#8221; max_width_tablet=&#8221;80%&#8221; max_width_last_edited=&#8221;on|desktop&#8221; make_fullwidth=&#8221;on&#8221; column_structure=&#8221;1_2,1_2&#8243;][et_pb_column type=&#8221;1_2&#8243; _builder_version=&#8221;3.25&#8243; custom_padding=&#8221;|||&#8221; custom_padding__hover=&#8221;|||&#8221;][\/et_pb_column][et_pb_column type=&#8221;1_2&#8243; _builder_version=&#8221;3.25&#8243; custom_padding=&#8221;|||&#8221; custom_padding__hover=&#8221;|||&#8221;][et_pb_divider show_divider=&#8221;off&#8221; _builder_version=&#8221;3.14&#8243; height=&#8221;200px&#8221;][\/et_pb_divider][et_pb_text _builder_version=&#8221;3.27.4&#8243; text_font=&#8221;|700|||||||&#8221; text_font_size=&#8221;40px&#8221; background_layout=&#8221;dark&#8221;]Kontakt [\/et_pb_text][et_pb_text _builder_version=&#8221;3.27.4&#8243; text_font_size=&#8221;22px&#8221; background_layout=&#8221;dark&#8221;]S\u00e5dan kontakter du os [\/et_pb_text][\/et_pb_column][\/et_pb_row][\/et_pb_section][et_pb_section fb_built=&#8221;1&#8243; _builder_version=&#8221;3.22&#8243; background_color=&#8221;#3a373a&#8221;][et_pb_row use_custom_gutter=&#8221;on&#8221; gutter_width=&#8221;2&#8243; module_class=&#8221; et_pb_row_fullwidth&#8221; _builder_version=&#8221;3.25&#8243; width=&#8221;94%&#8221; width_tablet=&#8221;80%&#8221; width_last_edited=&#8221;on|desktop&#8221; max_width=&#8221;94%&#8221; [&hellip;]","og_url":"https:\/\/polyprofil.de\/da\/kontakt\/","og_site_name":"Polyprofil \u2013 Profile aus Polymerbeton","article_modified_time":"2020-06-25T22:51:51+00:00","twitter_card":"summary_large_image","twitter_misc":{"Estimeret l\u00e6setid":"3 minutter"},"schema":{"@context":"https:\/\/schema.org","@graph":[{"@type":"WebPage","@id":"https:\/\/polyprofil.de\/da\/kontakt\/","url":"https:\/\/polyprofil.de\/da\/kontakt\/","name":"Kontakt - Polyprofil \u2013 Profile aus Polymerbeton","isPartOf":{"@id":"https:\/\/polyprofil.de\/da\/#website"},"datePublished":"2020-06-25T21:55:02+00:00","dateModified":"2020-06-25T22:51:51+00:00","breadcrumb":{"@id":"https:\/\/polyprofil.de\/da\/kontakt\/#breadcrumb"},"inLanguage":"da-DK","potentialAction":[{"@type":"ReadAction","target":["https:\/\/polyprofil.de\/da\/kontakt\/"]}]},{"@type":"BreadcrumbList","@id":"https:\/\/polyprofil.de\/da\/kontakt\/#breadcrumb","itemListElement":[{"@type":"ListItem","position":1,"name":"Startseite","item":"https:\/\/polyprofil.de\/da\/?lang=da"},{"@type":"ListItem","position":2,"name":"Kontakt"}]},{"@type":"WebSite","@id":"https:\/\/polyprofil.de\/da\/#website","url":"https:\/\/polyprofil.de\/da\/","name":"Polyprofil \u2013 Profile aus Polymerbeton","description":"Hohlkehlen, Tropfleisten, Treppenkantenprofile und Sonderprofile","potentialAction":[{"@type":"SearchAction","target":{"@type":"EntryPoint","urlTemplate":"https:\/\/polyprofil.de\/da\/?s={search_term_string}"},"query-input":"required name=search_term_string"}],"inLanguage":"da-DK"}]}},"_links":{"self":[{"href":"https:\/\/polyprofil.de\/da\/wp-json\/wp\/v2\/pages\/874"}],"collection":[{"href":"https:\/\/polyprofil.de\/da\/wp-json\/wp\/v2\/pages"}],"about":[{"href":"https:\/\/polyprofil.de\/da\/wp-json\/wp\/v2\/types\/page"}],"author":[{"embeddable":true,"href":"https:\/\/polyprofil.de\/da\/wp-json\/wp\/v2\/users\/1"}],"replies":[{"embeddable":true,"href":"https:\/\/polyprofil.de\/da\/wp-json\/wp\/v2\/comments?post=874"}],"version-history":[{"count":4,"href":"https:\/\/polyprofil.de\/da\/wp-json\/wp\/v2\/pages\/874\/revisions"}],"predecessor-version":[{"id":912,"href":"https:\/\/polyprofil.de\/da\/wp-json\/wp\/v2\/pages\/874\/revisions\/912"}],"wp:attachment":[{"href":"https:\/\/polyprofil.de\/da\/wp-json\/wp\/v2\/media?parent=874"}],"curies":[{"name":"wp","href":"https:\/\/api.w.org\/{rel}","templated":true}]}}